{"id":359,"date":"2024-06-06T13:59:19","date_gmt":"2024-06-06T04:59:19","guid":{"rendered":"https:\/\/dohto.jp\/?page_id=359"},"modified":"2025-07-11T11:12:09","modified_gmt":"2025-07-11T02:12:09","slug":"display-2","status":"publish","type":"page","link":"https:\/\/dohto.jp\/index.php\/rental-top\/display-2\/","title":{"rendered":"\u30c7\u30a3\u30b9\u30d7\u30ec\u30a4"},"content":{"rendered":"\n<div style=\"height:12px\" aria-hidden=\"true\" id=\"display\" class=\"wp-block-spacer\"><\/div>\n\n\n\n<h3 class=\"wp-block-heading\">\u30c7\u30a3\u30b9\u30d7\u30ec\u30a4<\/h3>\n\n\n\n<figure class=\"wp-block-table is-style-stripes\"><table><thead><tr><th><strong>\u30b3\u30fc\u30c9No.<\/strong><\/th><th><strong>\u6a5f\u6750\u540d<\/strong><\/th><th><strong>\u30e1\u30fc\u30ab\u30fc<\/strong><\/th><th><strong>\u578b\u756a<\/strong><\/th><th><strong>\u30b9\u30da\u30c3\u30af<\/strong><\/th><th class=\"has-text-align-right\" data-align=\"right\"><strong><strong>\u6599\u91d1(\u7a0e\u629c)<\/strong><\/strong><\/th><\/tr><\/thead><tbody><tr><td>2001<\/td><td>65\u30a4\u30f3\u30c1\u6db2\u6676\u30c7\u30a3\u30b9\u30d7\u30ec\u30a4<\/td><td>Panasonic<\/td><td>TH-65LFE8J<\/td><td>\uff7a\uff9d\uff84\uff97\uff7d\uff84\u6bd45000:1\/\u5165\u529b:HDMI\u00d72, DVI-D\u00d71, D-sub15p\u00d71, VIDEO\u00d71<\/td><td class=\"has-text-align-right\" data-align=\"right\">\u00a590,000<\/td><\/tr><tr><td>2002<\/td><td>55\u30a4\u30f3\u30c1\u6db2\u6676\u30c7\u30a3\u30b9\u30d7\u30ec\u30a4<\/td><td>NEC<\/td><td>LCD-M551-2<\/td><td>\uff7a\uff9d\uff84\uff97\uff7d\uff84\u6bd45000:1\/\u5165\u529b:HDMI\u00d72, Displayport\u00d71<\/td><td class=\"has-text-align-right\" data-align=\"right\">\u00a570,000<\/td><\/tr><tr><td>2003<\/td><td>43\u30a4\u30f3\u30c1\u6db2\u6676\u30c7\u30a3\u30b9\u30d7\u30ec\u30a4<\/td><td>NEC<\/td><td>LCD-ME431<\/td><td>\uff7a\uff9d\uff84\uff97\uff7d\uff84\u6bd41200:1\/\u5165\u529b:HDMI\u00d72, Displayport\u00d71<\/td><td class=\"has-text-align-right\" data-align=\"right\">\u00a550,000<\/td><\/tr><tr><td>2004<\/td><td>21.5\u30a4\u30f3\u30c1\u6db2\u6676\u30c7\u30a3\u30b9\u30d7\u30ec\u30a4<\/td><td>iiyama<\/td><td>E2282HS<\/td><td>\uff7a\uff9d\uff84\uff97\uff7d\uff84\u6bd41000:1\/\u5165\u529b:HDMI\u00d71, DVI-D\u00d71, D-sub15p\u00d71<\/td><td class=\"has-text-align-right\" data-align=\"right\">\u00a516,000<\/td><\/tr><tr><td>2005<\/td><td>19.5\u30a4\u30f3\u30c1\u6db2\u6676\u30c7\u30a3\u30b9\u30d7\u30ec\u30a4<\/td><td>iiyama<\/td><td>E2083HSD<\/td><td>\uff7a\uff9d\uff84\uff97\uff7d\uff84\u6bd41000:1\/\u5165\u529b:DVI-D\u00d71, D-sub15p\u00d72<\/td><td class=\"has-text-align-right\" data-align=\"right\">\u00a510,000<\/td><\/tr><tr><td>2006<\/td><td>15.6\u30a4\u30f3\u30c1\u6db2\u6676\u30c7\u30a3\u30b9\u30d7\u30ec\u30a4<\/td><td>ADTECHNO<\/td><td>LCD1560S<\/td><td>\uff8c\uff99HD\/\u5165\u529b:SG-SDL, HDMI, DVI-D, D-sub15p<\/td><td class=\"has-text-align-right\" data-align=\"right\">\u00a511,000<\/td><\/tr><tr><td>2007<\/td><td>13.3\u30a4\u30f3\u30c1\u6db2\u6676\u30c7\u30a3\u30b9\u30d7\u30ec\u30a4<\/td><td>ADTECHNO<\/td><td>LCD1330S<\/td><td>\uff8c\uff99HD\/\u5165\u529b:SG-SDL, HDMI, DVI-D, D-sub15p<\/td><td class=\"has-text-align-right\" data-align=\"right\">\u00a510,000<\/td><\/tr><tr><td>2008<\/td><td>10.4\u30a4\u30f3\u30c1\u6db2\u6676\u30c7\u30a3\u30b9\u30d7\u30ec\u30a4<\/td><td>Quixun<\/td><td>QT-1005B-AVG<\/td><td>\u5165\u529b:D-sub15p\u00d71, VIDEO\u00d72<\/td><td class=\"has-text-align-right\" data-align=\"right\">\u00a57,000<\/td><\/tr><\/tbody><\/table><\/figure>\n\n\n\n<div style=\"height:12px\" aria-hidden=\"true\" id=\"tv\" class=\"wp-block-spacer\"><\/div>\n\n\n\n<h3 class=\"wp-block-heading\">\u6db2\u6676\u30c6\u30ec\u30d3<\/h3>\n\n\n\n<figure class=\"wp-block-table is-style-stripes\"><table><thead><tr><th><strong>\u30b3\u30fc\u30c9No.<\/strong><\/th><th><strong>\u6a5f\u6750\u540d<\/strong><\/th><th><strong>\u30e1\u30fc\u30ab\u30fc<\/strong><\/th><th><strong>\u578b\u756a<\/strong><\/th><th><strong>\u30b9\u30da\u30c3\u30af<\/strong><\/th><th class=\"has-text-align-right\" data-align=\"right\"><strong><strong>\u6599\u91d1(\u7a0e\u629c)<\/strong><\/strong><\/th><\/tr><\/thead><tbody><tr><td>2010<\/td><td>40\u30a4\u30f3\u30c1\u6db2\u6676\u30c6\u30ec\u30d3<\/td><td>SONY<\/td><td>KDL-40V3000<\/td><td>\u5165\u529b:HDMI\u00d72, D-sub15p\u00d71, VIDEO\u00d73<\/td><td class=\"has-text-align-right\" data-align=\"right\">\u00a535,000<\/td><\/tr><tr><td>2013<\/td><td>24\u30a4\u30f3\u30c1\u6db2\u6676\u30c6\u30ec\u30d3<\/td><td>SONY<\/td><td>KI-24W450D<\/td><td>\u5165\u529b:HDMI\u00d72, D-sub15p\u00d71, VIDEO\u00d71<\/td><td class=\"has-text-align-right\" data-align=\"right\">\u00a522,000<\/td><\/tr><tr><td>2014<\/td><td>22\u30a4\u30f3\u30c1\u6db2\u6676\u30c6\u30ec\u30d3<\/td><td>SONY<\/td><td>KDL-22J5<\/td><td>\u5165\u529b:HDMI\u00d72, VIDEO\u00d72<\/td><td class=\"has-text-align-right\" data-align=\"right\">\u00a520,000<\/td><\/tr><\/tbody><\/table><\/figure>\n\n\n\n<div style=\"height:12px\" aria-hidden=\"true\" id=\"other\" class=\"wp-block-spacer\"><\/div>\n\n\n\n<h3 class=\"wp-block-heading\">\u305d\u306e\u4ed6\u30e2\u30cb\u30bf\u30fc<\/h3>\n\n\n\n<figure class=\"wp-block-table is-style-stripes\"><table><thead><tr><th><strong>\u30b3\u30fc\u30c9No.<\/strong><\/th><th><strong>\u6a5f\u6750\u540d<\/strong><\/th><th><strong>\u30e1\u30fc\u30ab\u30fc<\/strong><\/th><th><strong>\u578b\u756a<\/strong><\/th><th><strong>\u30b9\u30da\u30c3\u30af<\/strong><\/th><th class=\"has-text-align-right\" data-align=\"right\"><strong><strong>\u6599\u91d1(\u7a0e\u629c)<\/strong><\/strong><\/th><\/tr><\/thead><tbody><tr><td>2020<\/td><td>9\u30a4\u30f3\u30c1CRT\u30e2\u30cb\u30bf\u30fc<\/td><td>SONY<\/td><td>PVM-9L2<\/td><td>\u5165\u529b:BNC\u30b3\u30cd\u30af\u30bf\u00d72, S\u6620\u50cf\u00d71<\/td><td class=\"has-text-align-right\" data-align=\"right\">\u00a54,500<\/td><\/tr><tr><td>2021<\/td><td>10\u30a4\u30f3\u30c1CRT\u30e2\u30cb\u30bf\u30fc<\/td><td>Victor<\/td><td>TM-100S<\/td><td>\u5165\u529b:BNC\u30b3\u30cd\u30af\u30bf\u00d71, YIC358\u7aef\u5b50\u00d71<\/td><td class=\"has-text-align-right\" data-align=\"right\">\u00a53,500<\/td><\/tr><\/tbody><\/table><\/figure>\n\n\n\n<div style=\"height:12px\" aria-hidden=\"true\" id=\"stand\" class=\"wp-block-spacer\"><\/div>\n\n\n\n<h3 class=\"wp-block-heading\">\u30c7\u30a3\u30b9\u30d7\u30ec\u30a4\u30b9\u30bf\u30f3\u30c9<\/h3>\n\n\n\n<figure class=\"wp-block-table is-style-stripes\"><table><thead><tr><th><strong>\u30b3\u30fc\u30c9No.<\/strong><\/th><th><strong>\u6a5f\u6750\u540d<\/strong><\/th><th><strong>\u30e1\u30fc\u30ab\u30fc<\/strong><\/th><th><strong>\u578b\u756a<\/strong><\/th><th><strong>\u30b9\u30da\u30c3\u30af<\/strong><\/th><th class=\"has-text-align-right\" data-align=\"right\"><strong><strong>\u6599\u91d1(\u7a0e\u629c)<\/strong><\/strong><\/th><\/tr><\/thead><tbody><tr><td>2030<\/td><td>\u30c7\u30a3\u30b9\u30d7\u30ec\u30a4\u30b9\u30bf\u30f3\u30c9<\/td><td>HAMILeX<\/td><td>PH-B817<\/td><td>\u5927\u578b50\uff5e70\u30a4\u30f3\u30c1\u5bfe\u5fdc\u3001\u9ad8\u3055\u8abf\u657480mm\u30d4\u30c3\u30c1\u3067\u53ef\u80fd<\/td><td class=\"has-text-align-right\" data-align=\"right\">\u00a510,000<\/td><\/tr><tr><td>2031<\/td><td>\u30c7\u30a3\u30b9\u30d7\u30ec\u30a4\u30b9\u30bf\u30f3\u30c9<\/td><td>AURORA<\/td><td>ALS-SB60<\/td><td>60\u30a4\u30f3\u30c1\u307e\u3067\u5bfe\u5fdc\u3001\u89d2\u5ea6\u30fb\u9ad8\u3055\u8abf\u6574\u53ef\u80fd<\/td><td class=\"has-text-align-right\" data-align=\"right\">\u00a510,000<\/td><\/tr><tr><td>2032<\/td><td>\u30c7\u30a3\u30b9\u30d7\u30ec\u30a4\u30b9\u30bf\u30f3\u30c9<\/td><td>RATEC<\/td><td>PH-1277E<\/td><td>\u5927\u578b45\uff5e65\u30a4\u30f3\u30c1\u5bfe\u5fdc\u3001\u89d2\u5ea6\u30fb\u9ad8\u3055\u8abf\u6574\u53ef\u80fd<\/td><td class=\"has-text-align-right\" data-align=\"right\">\u00a510,000<\/td><\/tr><\/tbody><\/table><\/figure>\n","protected":false},"excerpt":{"rendered":"<p>\u30c7\u30a3\u30b9\u30d7\u30ec\u30a4 \u30b3\u30fc\u30c9No. \u6a5f\u6750\u540d \u30e1\u30fc\u30ab\u30fc \u578b\u756a \u30b9\u30da\u30c3\u30af \u6599\u91d1(\u7a0e\u629c) 2001 65\u30a4\u30f3\u30c1\u6db2\u6676\u30c7\u30a3\u30b9\u30d7\u30ec\u30a4 Panasonic TH-65LFE8J \uff7a\uff9d\uff84\uff97\uff7d\uff84\u6bd45000:1\/\u5165\u529b:HDMI\u00d72, DVI-D\u00d71 [&hellip;]<\/p>\n","protected":false},"author":2,"featured_media":0,"parent":368,"menu_order":0,"comment_status":"closed","ping_status":"closed","template":"","meta":{"footnotes":""},"class_list":["post-359","page","type-page","status-publish","hentry"],"_links":{"self":[{"href":"https:\/\/dohto.jp\/index.php\/wp-json\/wp\/v2\/pages\/359","targetHints":{"allow":["GET"]}}],"collection":[{"href":"https:\/\/dohto.jp\/index.php\/wp-json\/wp\/v2\/pages"}],"about":[{"href":"https:\/\/dohto.jp\/index.php\/wp-json\/wp\/v2\/types\/page"}],"author":[{"embeddable":true,"href":"https:\/\/dohto.jp\/index.php\/wp-json\/wp\/v2\/users\/2"}],"replies":[{"embeddable":true,"href":"https:\/\/dohto.jp\/index.php\/wp-json\/wp\/v2\/comments?post=359"}],"version-history":[{"count":8,"href":"https:\/\/dohto.jp\/index.php\/wp-json\/wp\/v2\/pages\/359\/revisions"}],"predecessor-version":[{"id":1013,"href":"https:\/\/dohto.jp\/index.php\/wp-json\/wp\/v2\/pages\/359\/revisions\/1013"}],"up":[{"embeddable":true,"href":"https:\/\/dohto.jp\/index.php\/wp-json\/wp\/v2\/pages\/368"}],"wp:attachment":[{"href":"https:\/\/dohto.jp\/index.php\/wp-json\/wp\/v2\/media?parent=359"}],"curies":[{"name":"wp","href":"https:\/\/api.w.org\/{rel}","templated":true}]}}